{"id":198,"date":"2021-10-26T10:05:14","date_gmt":"2021-10-26T08:05:14","guid":{"rendered":"https:\/\/geoida.pw.edu.pl\/?page_id=198"},"modified":"2026-04-02T20:21:06","modified_gmt":"2026-04-02T18:21:06","slug":"strona-glowna","status":"publish","type":"page","link":"https:\/\/geoida.pw.edu.pl\/","title":{"rendered":"Strona G\u0142\u00f3wna"},"content":{"rendered":"<div class=\"post-content\">\n<figure class=\"wp-block-image size-large is-style-rounded\"><img loading=\"lazy\" decoding=\"async\" width=\"1024\" height=\"684\" src=\"http:\/\/geoida.pw.edu.pl\/wp-content\/uploads\/2026\/04\/grupowa_essa-1024x684.jpg\" alt=\"\" class=\"wp-image-1102\" srcset=\"https:\/\/geoida.pw.edu.pl\/wp-content\/uploads\/2026\/04\/grupowa_essa-1024x684.jpg 1024w, https:\/\/geoida.pw.edu.pl\/wp-content\/uploads\/2026\/04\/grupowa_essa-300x200.jpg 300w, https:\/\/geoida.pw.edu.pl\/wp-content\/uploads\/2026\/04\/grupowa_essa-768x513.jpg 768w, https:\/\/geoida.pw.edu.pl\/wp-content\/uploads\/2026\/04\/grupowa_essa-1536x1025.jpg 1536w, https:\/\/geoida.pw.edu.pl\/wp-content\/uploads\/2026\/04\/grupowa_essa.jpg 2048w\" sizes=\"auto, (max-width: 1024px) 100vw, 1024px\" \/><\/figure>\n\n\n\n<h2 class=\"wp-block-heading\">Czym jest GEOIDA?<\/h2>\n\n\n\n<div class=\"wp-block-columns is-layout-flex wp-container-core-columns-is-layout-9d6595d7 wp-block-columns-is-layout-flex\">\n<div class=\"wp-block-column is-layout-flow wp-block-column-is-layout-flow\">\n<p>GEOIDA to Stowarzyszenie Student\u00f3w dzia\u0142aj\u0105ce na Wydziale Geodezji i Kartografii Politechniki Warszawskiej ju\u017c od ponad 30 lat!<\/p>\n\n\n\n<p>Co roku organizujemy szereg wydarze\u0144 naukowych i kulturalnych &#8211; konferencje, szkolenia, warsztaty, zar\u00f3wno ze specjalistycznych oprogramowa\u0144, jak<br>i umiej\u0119tno\u015bci mi\u0119kkich czy imprezy.<\/p>\n\n\n\n<p>W mi\u0119dzyczasie tworzymy projekty naukowe, wsp\u00f3\u0142pracujemy z firmami bran\u017cowymi<br>i integrujemy spo\u0142eczno\u015b\u0107 akademick\u0105 naszego Wydzia\u0142u, student\u00f3w geodezji z ca\u0142ej Polski, jak i \u015bwiata!<\/p>\n\n\n\n<p><\/p>\n<\/div>\n\n\n\n<div class=\"wp-block-column is-layout-flow wp-block-column-is-layout-flow\">\n<figure class=\"wp-block-image size-large is-style-rounded\"><img loading=\"lazy\" decoding=\"async\" width=\"1024\" height=\"684\" src=\"https:\/\/geoida.pw.edu.pl\/wp-content\/uploads\/2026\/04\/DSC_9710-1024x684.jpg\" alt=\"\" class=\"wp-image-1118\" srcset=\"https:\/\/geoida.pw.edu.pl\/wp-content\/uploads\/2026\/04\/DSC_9710-1024x684.jpg 1024w, https:\/\/geoida.pw.edu.pl\/wp-content\/uploads\/2026\/04\/DSC_9710-300x200.jpg 300w, https:\/\/geoida.pw.edu.pl\/wp-content\/uploads\/2026\/04\/DSC_9710-768x513.jpg 768w, https:\/\/geoida.pw.edu.pl\/wp-content\/uploads\/2026\/04\/DSC_9710-1536x1025.jpg 1536w, https:\/\/geoida.pw.edu.pl\/wp-content\/uploads\/2026\/04\/DSC_9710.jpg 2048w\" sizes=\"auto, (max-width: 1024px) 100vw, 1024px\" \/><\/figure>\n<\/div>\n<\/div>\n\n\n\n<h2 class=\"wp-block-heading alignwide has-text-align-center\"><strong>Obecny Zarz\u0105d G\u0142\u00f3wny Stowarzyszenia<\/strong><\/h2>\n\n\n\n<div class=\"wp-block-columns alignwide is-layout-flex wp-container-core-columns-is-layout-9d6595d7 wp-block-columns-is-layout-flex\">\n<div class=\"wp-block-column is-layout-flow wp-block-column-is-layout-flow\">\n<figure class=\"wp-block-image size-full is-style-rounded\"><img loading=\"lazy\" decoding=\"async\" width=\"1367\" height=\"2048\" src=\"http:\/\/geoida.pw.edu.pl\/wp-content\/uploads\/2026\/03\/prezes.jpg\" alt=\"\" class=\"wp-image-1077\" style=\"aspect-ratio:3\/4;object-fit:cover\" srcset=\"https:\/\/geoida.pw.edu.pl\/wp-content\/uploads\/2026\/03\/prezes.jpg 1367w, https:\/\/geoida.pw.edu.pl\/wp-content\/uploads\/2026\/03\/prezes-200x300.jpg 200w, https:\/\/geoida.pw.edu.pl\/wp-content\/uploads\/2026\/03\/prezes-684x1024.jpg 684w, https:\/\/geoida.pw.edu.pl\/wp-content\/uploads\/2026\/03\/prezes-768x1151.jpg 768w, https:\/\/geoida.pw.edu.pl\/wp-content\/uploads\/2026\/03\/prezes-1025x1536.jpg 1025w\" sizes=\"auto, (max-width: 1367px) 100vw, 1367px\" \/><\/figure>\n\n\n\n<p class=\"has-text-align-center has-text-color\" style=\"color:#d4d4d4;font-size:14px\"><strong>Klaudia<br>Dmochowska<\/strong><br><em>Prezes<\/em><\/p>\n<\/div>\n\n\n\n<div class=\"wp-block-column is-style-rounded is-layout-flow wp-block-column-is-layout-flow\">\n<figure class=\"wp-block-image size-full is-style-rounded\"><img loading=\"lazy\" decoding=\"async\" width=\"1367\" height=\"2048\" src=\"https:\/\/geoida.pw.edu.pl\/wp-content\/uploads\/2026\/04\/wice.jpg\" alt=\"\" class=\"wp-image-1104\" style=\"aspect-ratio:3\/4;object-fit:cover\" srcset=\"https:\/\/geoida.pw.edu.pl\/wp-content\/uploads\/2026\/04\/wice.jpg 1367w, https:\/\/geoida.pw.edu.pl\/wp-content\/uploads\/2026\/04\/wice-200x300.jpg 200w, https:\/\/geoida.pw.edu.pl\/wp-content\/uploads\/2026\/04\/wice-684x1024.jpg 684w, https:\/\/geoida.pw.edu.pl\/wp-content\/uploads\/2026\/04\/wice-768x1151.jpg 768w, https:\/\/geoida.pw.edu.pl\/wp-content\/uploads\/2026\/04\/wice-1025x1536.jpg 1025w\" sizes=\"auto, (max-width: 1367px) 100vw, 1367px\" \/><\/figure>\n\n\n\n<p class=\"has-text-align-center has-text-color\" style=\"color:#d4d4d4;font-size:14px\"><strong>Igor<\/strong><br><strong>Sawicki<\/strong><br><em>Wiceprezes<\/em><\/p>\n<\/div>\n\n\n\n<div class=\"wp-block-column is-layout-flow wp-block-column-is-layout-flow\">\n<figure class=\"wp-block-image size-full is-style-rounded\"><img loading=\"lazy\" decoding=\"async\" width=\"1367\" height=\"2048\" src=\"https:\/\/geoida.pw.edu.pl\/wp-content\/uploads\/2026\/04\/sekretarz.jpg\" alt=\"\" class=\"wp-image-1105\" style=\"aspect-ratio:3\/4;object-fit:cover\" srcset=\"https:\/\/geoida.pw.edu.pl\/wp-content\/uploads\/2026\/04\/sekretarz.jpg 1367w, https:\/\/geoida.pw.edu.pl\/wp-content\/uploads\/2026\/04\/sekretarz-200x300.jpg 200w, https:\/\/geoida.pw.edu.pl\/wp-content\/uploads\/2026\/04\/sekretarz-684x1024.jpg 684w, https:\/\/geoida.pw.edu.pl\/wp-content\/uploads\/2026\/04\/sekretarz-768x1151.jpg 768w, https:\/\/geoida.pw.edu.pl\/wp-content\/uploads\/2026\/04\/sekretarz-1025x1536.jpg 1025w\" sizes=\"auto, (max-width: 1367px) 100vw, 1367px\" \/><\/figure>\n\n\n\n<p class=\"has-text-align-center has-text-color\" style=\"color:#d4d4d4;font-size:14px\"><strong>And\u017celika<br>W\u00f3jtowicz<\/strong><br><em>Sekretarz<\/em><\/p>\n<\/div>\n\n\n\n<div class=\"wp-block-column is-layout-flow wp-block-column-is-layout-flow\">\n<figure class=\"wp-block-image size-full is-style-rounded\"><img loading=\"lazy\" decoding=\"async\" width=\"1367\" height=\"2048\" src=\"https:\/\/geoida.pw.edu.pl\/wp-content\/uploads\/2026\/04\/skarbnik.jpg\" alt=\"\" class=\"wp-image-1106\" style=\"aspect-ratio:3\/4;object-fit:cover\" srcset=\"https:\/\/geoida.pw.edu.pl\/wp-content\/uploads\/2026\/04\/skarbnik.jpg 1367w, https:\/\/geoida.pw.edu.pl\/wp-content\/uploads\/2026\/04\/skarbnik-200x300.jpg 200w, https:\/\/geoida.pw.edu.pl\/wp-content\/uploads\/2026\/04\/skarbnik-684x1024.jpg 684w, https:\/\/geoida.pw.edu.pl\/wp-content\/uploads\/2026\/04\/skarbnik-768x1151.jpg 768w, https:\/\/geoida.pw.edu.pl\/wp-content\/uploads\/2026\/04\/skarbnik-1025x1536.jpg 1025w\" sizes=\"auto, (max-width: 1367px) 100vw, 1367px\" \/><\/figure>\n\n\n\n<p class=\"has-text-align-center has-text-color\" style=\"color:#d4d4d4;font-size:14px\"><strong>Piotr<br>Napieraj<\/strong><br><em>Skarbnik<\/em><\/p>\n<\/div>\n\n\n\n<div class=\"wp-block-column is-layout-flow wp-block-column-is-layout-flow\">\n<figure class=\"wp-block-image size-full is-style-rounded\"><img loading=\"lazy\" decoding=\"async\" width=\"1367\" height=\"2048\" src=\"https:\/\/geoida.pw.edu.pl\/wp-content\/uploads\/2026\/04\/mvga23.jpg\" alt=\"\" class=\"wp-image-1108\" style=\"aspect-ratio:3\/4;object-fit:cover\" srcset=\"https:\/\/geoida.pw.edu.pl\/wp-content\/uploads\/2026\/04\/mvga23.jpg 1367w, https:\/\/geoida.pw.edu.pl\/wp-content\/uploads\/2026\/04\/mvga23-200x300.jpg 200w, https:\/\/geoida.pw.edu.pl\/wp-content\/uploads\/2026\/04\/mvga23-684x1024.jpg 684w, https:\/\/geoida.pw.edu.pl\/wp-content\/uploads\/2026\/04\/mvga23-768x1151.jpg 768w, https:\/\/geoida.pw.edu.pl\/wp-content\/uploads\/2026\/04\/mvga23-1025x1536.jpg 1025w\" sizes=\"auto, (max-width: 1367px) 100vw, 1367px\" \/><\/figure>\n\n\n\n<p class=\"has-text-align-center has-text-color\" style=\"color:#d4d4d4;font-size:14px\"><strong>Jerzy<br>Liszewski<\/strong><br><em>Cz\u0142onek Zarz\u0105du<\/em><\/p>\n<\/div>\n<\/div>\n\n\n\n<h2 class=\"wp-block-heading has-text-align-center\">Nasi Delegaci do Parlamentu, Rady Wydzia\u0142u oraz Komisji Programowych<\/h2>\n\n\n\n<div class=\"wp-block-columns alignwide is-layout-flex wp-container-core-columns-is-layout-9d6595d7 wp-block-columns-is-layout-flex\">\n<div class=\"wp-block-column is-vertically-aligned-center is-layout-flow wp-block-column-is-layout-flow\">\n<p class=\"has-text-align-center\">Rada Wydzia\u0142u<\/p>\n\n\n\n<div class=\"wp-block-columns is-layout-flex wp-container-core-columns-is-layout-9d6595d7 wp-block-columns-is-layout-flex\">\n<div class=\"wp-block-column is-vertically-aligned-bottom is-layout-flow wp-block-column-is-layout-flow\">\n<figure class=\"wp-block-image alignfull size-full is-style-rounded\"><img loading=\"lazy\" decoding=\"async\" width=\"1367\" height=\"1367\" src=\"http:\/\/geoida.pw.edu.pl\/wp-content\/uploads\/2026\/03\/prezes_kwadratowy.jpg\" alt=\"\" class=\"wp-image-1079\" srcset=\"https:\/\/geoida.pw.edu.pl\/wp-content\/uploads\/2026\/03\/prezes_kwadratowy.jpg 1367w, https:\/\/geoida.pw.edu.pl\/wp-content\/uploads\/2026\/03\/prezes_kwadratowy-300x300.jpg 300w, https:\/\/geoida.pw.edu.pl\/wp-content\/uploads\/2026\/03\/prezes_kwadratowy-1024x1024.jpg 1024w, https:\/\/geoida.pw.edu.pl\/wp-content\/uploads\/2026\/03\/prezes_kwadratowy-150x150.jpg 150w, https:\/\/geoida.pw.edu.pl\/wp-content\/uploads\/2026\/03\/prezes_kwadratowy-768x768.jpg 768w\" sizes=\"auto, (max-width: 1367px) 100vw, 1367px\" \/><\/figure>\n\n\n\n<p class=\"has-text-align-center has-text-color has-small-font-size\" style=\"color:#d4d4d4\">Klaudia Dmochowska<\/p>\n<\/div>\n\n\n\n<div class=\"wp-block-column is-vertically-aligned-center is-layout-flow wp-block-column-is-layout-flow\">\n<figure class=\"wp-block-image alignfull size-full is-style-rounded\"><img loading=\"lazy\" decoding=\"async\" width=\"1367\" height=\"1367\" src=\"https:\/\/geoida.pw.edu.pl\/wp-content\/uploads\/2026\/04\/mvga_kwadratowy.jpg\" alt=\"\" class=\"wp-image-1109\" srcset=\"https:\/\/geoida.pw.edu.pl\/wp-content\/uploads\/2026\/04\/mvga_kwadratowy.jpg 1367w, https:\/\/geoida.pw.edu.pl\/wp-content\/uploads\/2026\/04\/mvga_kwadratowy-300x300.jpg 300w, https:\/\/geoida.pw.edu.pl\/wp-content\/uploads\/2026\/04\/mvga_kwadratowy-1024x1024.jpg 1024w, https:\/\/geoida.pw.edu.pl\/wp-content\/uploads\/2026\/04\/mvga_kwadratowy-150x150.jpg 150w, https:\/\/geoida.pw.edu.pl\/wp-content\/uploads\/2026\/04\/mvga_kwadratowy-768x768.jpg 768w\" sizes=\"auto, (max-width: 1367px) 100vw, 1367px\" \/><\/figure>\n\n\n\n<p class=\"has-text-align-center has-text-color has-small-font-size\" style=\"color:#d4d4d4\">Jerzy Liszewski<\/p>\n<\/div>\n\n\n\n<div class=\"wp-block-column is-vertically-aligned-bottom is-layout-flow wp-block-column-is-layout-flow\">\n<figure class=\"wp-block-image alignfull size-full is-style-rounded\"><img loading=\"lazy\" decoding=\"async\" width=\"1368\" height=\"1368\" src=\"https:\/\/geoida.pw.edu.pl\/wp-content\/uploads\/2026\/04\/krzysiuuuuuuuuuuuuuuuuuuuuu_kwadratowy.jpg\" alt=\"\" class=\"wp-image-1110\" srcset=\"https:\/\/geoida.pw.edu.pl\/wp-content\/uploads\/2026\/04\/krzysiuuuuuuuuuuuuuuuuuuuuu_kwadratowy.jpg 1368w, https:\/\/geoida.pw.edu.pl\/wp-content\/uploads\/2026\/04\/krzysiuuuuuuuuuuuuuuuuuuuuu_kwadratowy-300x300.jpg 300w, https:\/\/geoida.pw.edu.pl\/wp-content\/uploads\/2026\/04\/krzysiuuuuuuuuuuuuuuuuuuuuu_kwadratowy-1024x1024.jpg 1024w, https:\/\/geoida.pw.edu.pl\/wp-content\/uploads\/2026\/04\/krzysiuuuuuuuuuuuuuuuuuuuuu_kwadratowy-150x150.jpg 150w, https:\/\/geoida.pw.edu.pl\/wp-content\/uploads\/2026\/04\/krzysiuuuuuuuuuuuuuuuuuuuuu_kwadratowy-768x768.jpg 768w\" sizes=\"auto, (max-width: 1368px) 100vw, 1368px\" \/><\/figure>\n\n\n\n<p class=\"has-text-align-center has-text-color has-small-font-size\" style=\"color:#d4d4d4\">Krzysztof Szczepa\u0144ski<\/p>\n<\/div>\n<\/div>\n<\/div>\n<\/div>\n\n\n\n<div class=\"wp-block-columns is-layout-flex wp-container-core-columns-is-layout-9d6595d7 wp-block-columns-is-layout-flex\">\n<div class=\"wp-block-column is-vertically-aligned-center is-layout-flow wp-block-column-is-layout-flow\">\n<p class=\"has-text-align-center\">Komisja <br>Finansowo Gospodarcza<\/p>\n\n\n<div class=\"wp-block-image is-style-rounded\">\n<figure class=\"aligncenter size-full is-resized\"><img loading=\"lazy\" decoding=\"async\" width=\"1367\" height=\"1367\" src=\"https:\/\/geoida.pw.edu.pl\/wp-content\/uploads\/2026\/04\/skarbnik_kwadratowy.jpg\" alt=\"\" class=\"wp-image-1111\" style=\"aspect-ratio:1;width:380px;height:auto\" srcset=\"https:\/\/geoida.pw.edu.pl\/wp-content\/uploads\/2026\/04\/skarbnik_kwadratowy.jpg 1367w, https:\/\/geoida.pw.edu.pl\/wp-content\/uploads\/2026\/04\/skarbnik_kwadratowy-300x300.jpg 300w, https:\/\/geoida.pw.edu.pl\/wp-content\/uploads\/2026\/04\/skarbnik_kwadratowy-1024x1024.jpg 1024w, https:\/\/geoida.pw.edu.pl\/wp-content\/uploads\/2026\/04\/skarbnik_kwadratowy-150x150.jpg 150w, https:\/\/geoida.pw.edu.pl\/wp-content\/uploads\/2026\/04\/skarbnik_kwadratowy-768x768.jpg 768w\" sizes=\"auto, (max-width: 1367px) 100vw, 1367px\" \/><\/figure>\n<\/div>\n\n\n<p class=\"has-text-align-center has-text-color has-small-font-size\" style=\"color:#d4d4d4\">Piotr Napieraj<\/p>\n<\/div>\n\n\n\n<div class=\"wp-block-column is-vertically-aligned-center is-layout-flow wp-block-column-is-layout-flow\">\n<p class=\"has-text-align-center\">Komisja <br>Wsp\u00f3\u0142pracy Mi\u0119dzynarodowej<\/p>\n\n\n<div class=\"wp-block-image is-style-rounded\">\n<figure class=\"aligncenter size-full is-resized\"><img loading=\"lazy\" decoding=\"async\" width=\"1367\" height=\"1367\" src=\"https:\/\/geoida.pw.edu.pl\/wp-content\/uploads\/2026\/04\/wicekwadrat.jpg\" alt=\"\" class=\"wp-image-1112\" style=\"aspect-ratio:1;width:380px;height:auto\" srcset=\"https:\/\/geoida.pw.edu.pl\/wp-content\/uploads\/2026\/04\/wicekwadrat.jpg 1367w, https:\/\/geoida.pw.edu.pl\/wp-content\/uploads\/2026\/04\/wicekwadrat-300x300.jpg 300w, https:\/\/geoida.pw.edu.pl\/wp-content\/uploads\/2026\/04\/wicekwadrat-1024x1024.jpg 1024w, https:\/\/geoida.pw.edu.pl\/wp-content\/uploads\/2026\/04\/wicekwadrat-150x150.jpg 150w, https:\/\/geoida.pw.edu.pl\/wp-content\/uploads\/2026\/04\/wicekwadrat-768x768.jpg 768w\" sizes=\"auto, (max-width: 1367px) 100vw, 1367px\" \/><\/figure>\n<\/div>\n\n\n<p class=\"has-text-align-center has-text-color has-small-font-size\" style=\"color:#d4d4d4\">Igor Sawicki<\/p>\n<\/div>\n\n\n\n<div class=\"wp-block-column is-vertically-aligned-center is-layout-flow wp-block-column-is-layout-flow\">\n<p class=\"has-text-align-center\">Komisja <br>Sportu i Truystyki<\/p>\n\n\n<div class=\"wp-block-image is-style-rounded\">\n<figure class=\"aligncenter size-full is-resized\"><img loading=\"lazy\" decoding=\"async\" width=\"360\" height=\"360\" src=\"http:\/\/geoida.pw.edu.pl\/wp-content\/uploads\/2024\/02\/zdj2-16.jpg\" alt=\"\" class=\"wp-image-894\" style=\"aspect-ratio:1;width:380px;height:auto\" srcset=\"https:\/\/geoida.pw.edu.pl\/wp-content\/uploads\/2024\/02\/zdj2-16.jpg 360w, https:\/\/geoida.pw.edu.pl\/wp-content\/uploads\/2024\/02\/zdj2-16-300x300.jpg 300w, https:\/\/geoida.pw.edu.pl\/wp-content\/uploads\/2024\/02\/zdj2-16-150x150.jpg 150w\" sizes=\"auto, (max-width: 360px) 100vw, 360px\" \/><\/figure>\n<\/div>\n\n\n<p class=\"has-text-align-center has-text-color has-small-font-size\" style=\"color:#d4d4d4\">Adam Bu\u0142awa<\/p>\n<\/div>\n\n\n\n<div class=\"wp-block-column is-vertically-aligned-center is-layout-flow wp-block-column-is-layout-flow\">\n<p class=\"has-text-align-center\">Komisja<br>Kultury<\/p>\n\n\n<div class=\"wp-block-image is-style-rounded\">\n<figure class=\"aligncenter size-full is-resized\"><img loading=\"lazy\" decoding=\"async\" width=\"1367\" height=\"1367\" src=\"https:\/\/geoida.pw.edu.pl\/wp-content\/uploads\/2026\/04\/sekretarz_kwadratowy.jpg\" alt=\"\" class=\"wp-image-1113\" style=\"aspect-ratio:1;width:380px;height:auto\" srcset=\"https:\/\/geoida.pw.edu.pl\/wp-content\/uploads\/2026\/04\/sekretarz_kwadratowy.jpg 1367w, https:\/\/geoida.pw.edu.pl\/wp-content\/uploads\/2026\/04\/sekretarz_kwadratowy-300x300.jpg 300w, https:\/\/geoida.pw.edu.pl\/wp-content\/uploads\/2026\/04\/sekretarz_kwadratowy-1024x1024.jpg 1024w, https:\/\/geoida.pw.edu.pl\/wp-content\/uploads\/2026\/04\/sekretarz_kwadratowy-150x150.jpg 150w, https:\/\/geoida.pw.edu.pl\/wp-content\/uploads\/2026\/04\/sekretarz_kwadratowy-768x768.jpg 768w\" sizes=\"auto, (max-width: 1367px) 100vw, 1367px\" \/><\/figure>\n<\/div>\n\n\n<p class=\"has-text-align-center has-text-color has-small-font-size\" style=\"color:#d4d4d4\">And\u017celika W\u00f3jtowicz<\/p>\n<\/div>\n<\/div>\n\n\n\n<h2 class=\"wp-block-heading has-text-align-center\">Komisja Rewizyjna<\/h2>\n\n\n\n<div class=\"wp-block-columns alignwide is-layout-flex wp-container-core-columns-is-layout-9d6595d7 wp-block-columns-is-layout-flex\">\n<div class=\"wp-block-column is-layout-flow wp-block-column-is-layout-flow\">\n<figure class=\"wp-block-image size-full is-style-rounded\"><img loading=\"lazy\" decoding=\"async\" width=\"1367\" height=\"2048\" src=\"https:\/\/geoida.pw.edu.pl\/wp-content\/uploads\/2026\/04\/exprezes23.jpg\" alt=\"\" class=\"wp-image-1114\" style=\"aspect-ratio:3\/4;object-fit:cover\" srcset=\"https:\/\/geoida.pw.edu.pl\/wp-content\/uploads\/2026\/04\/exprezes23.jpg 1367w, https:\/\/geoida.pw.edu.pl\/wp-content\/uploads\/2026\/04\/exprezes23-200x300.jpg 200w, https:\/\/geoida.pw.edu.pl\/wp-content\/uploads\/2026\/04\/exprezes23-684x1024.jpg 684w, https:\/\/geoida.pw.edu.pl\/wp-content\/uploads\/2026\/04\/exprezes23-768x1151.jpg 768w, https:\/\/geoida.pw.edu.pl\/wp-content\/uploads\/2026\/04\/exprezes23-1025x1536.jpg 1025w\" sizes=\"auto, (max-width: 1367px) 100vw, 1367px\" \/><\/figure>\n\n\n\n<p class=\"has-text-align-center has-text-color\" style=\"color:#d4d4d4;font-size:14px\"><strong>Emilia<\/strong><br><strong>Bartnik<\/strong><\/p>\n<\/div>\n\n\n\n<div class=\"wp-block-column is-style-rounded is-layout-flow wp-block-column-is-layout-flow\">\n<figure class=\"wp-block-image size-full is-style-rounded\"><img loading=\"lazy\" decoding=\"async\" width=\"1367\" height=\"2048\" src=\"https:\/\/geoida.pw.edu.pl\/wp-content\/uploads\/2026\/04\/gorbaczow23.jpg\" alt=\"\" class=\"wp-image-1115\" style=\"aspect-ratio:3\/4;object-fit:cover\" srcset=\"https:\/\/geoida.pw.edu.pl\/wp-content\/uploads\/2026\/04\/gorbaczow23.jpg 1367w, https:\/\/geoida.pw.edu.pl\/wp-content\/uploads\/2026\/04\/gorbaczow23-200x300.jpg 200w, https:\/\/geoida.pw.edu.pl\/wp-content\/uploads\/2026\/04\/gorbaczow23-684x1024.jpg 684w, https:\/\/geoida.pw.edu.pl\/wp-content\/uploads\/2026\/04\/gorbaczow23-768x1151.jpg 768w, https:\/\/geoida.pw.edu.pl\/wp-content\/uploads\/2026\/04\/gorbaczow23-1025x1536.jpg 1025w\" sizes=\"auto, (max-width: 1367px) 100vw, 1367px\" \/><\/figure>\n\n\n\n<p class=\"has-text-align-center has-text-color\" style=\"color:#d4d4d4;font-size:14px\"><strong>Weronika<br>Garbacz<\/strong><\/p>\n<\/div>\n\n\n\n<div class=\"wp-block-column is-layout-flow wp-block-column-is-layout-flow\">\n<figure class=\"wp-block-image size-full is-style-rounded\"><img loading=\"lazy\" decoding=\"async\" width=\"1368\" height=\"2048\" src=\"https:\/\/geoida.pw.edu.pl\/wp-content\/uploads\/2026\/04\/krzysiuuuuuuuuuu23.jpg\" alt=\"\" class=\"wp-image-1116\" style=\"aspect-ratio:3\/4;object-fit:cover\" srcset=\"https:\/\/geoida.pw.edu.pl\/wp-content\/uploads\/2026\/04\/krzysiuuuuuuuuuu23.jpg 1368w, https:\/\/geoida.pw.edu.pl\/wp-content\/uploads\/2026\/04\/krzysiuuuuuuuuuu23-200x300.jpg 200w, https:\/\/geoida.pw.edu.pl\/wp-content\/uploads\/2026\/04\/krzysiuuuuuuuuuu23-684x1024.jpg 684w, https:\/\/geoida.pw.edu.pl\/wp-content\/uploads\/2026\/04\/krzysiuuuuuuuuuu23-768x1150.jpg 768w, https:\/\/geoida.pw.edu.pl\/wp-content\/uploads\/2026\/04\/krzysiuuuuuuuuuu23-1026x1536.jpg 1026w\" sizes=\"auto, (max-width: 1368px) 100vw, 1368px\" \/><\/figure>\n\n\n\n<p class=\"has-text-align-center has-text-color\" style=\"color:#d4d4d4;font-size:14px\"><strong>Krzysztof<br>Szczepa\u0144ski<\/strong><\/p>\n<\/div>\n\n\n\n<div class=\"wp-block-column is-layout-flow wp-block-column-is-layout-flow\">\n<figure class=\"wp-block-image size-full is-style-rounded\"><img loading=\"lazy\" decoding=\"async\" width=\"1367\" height=\"2048\" src=\"https:\/\/geoida.pw.edu.pl\/wp-content\/uploads\/2026\/04\/exskarbnik23.jpg\" alt=\"\" class=\"wp-image-1117\" style=\"aspect-ratio:3\/4;object-fit:cover\" srcset=\"https:\/\/geoida.pw.edu.pl\/wp-content\/uploads\/2026\/04\/exskarbnik23.jpg 1367w, https:\/\/geoida.pw.edu.pl\/wp-content\/uploads\/2026\/04\/exskarbnik23-200x300.jpg 200w, https:\/\/geoida.pw.edu.pl\/wp-content\/uploads\/2026\/04\/exskarbnik23-684x1024.jpg 684w, https:\/\/geoida.pw.edu.pl\/wp-content\/uploads\/2026\/04\/exskarbnik23-768x1151.jpg 768w, https:\/\/geoida.pw.edu.pl\/wp-content\/uploads\/2026\/04\/exskarbnik23-1025x1536.jpg 1025w\" sizes=\"auto, (max-width: 1367px) 100vw, 1367px\" \/><\/figure>\n\n\n\n<p class=\"has-text-align-center has-text-color\" style=\"color:#d4d4d4;font-size:14px\"><strong>Miko\u0142aj<br>Belczyk<\/strong><\/p>\n<\/div>\n\n\n\n<div class=\"wp-block-column is-layout-flow wp-block-column-is-layout-flow\">\n<figure class=\"wp-block-image size-full is-style-rounded\"><img loading=\"lazy\" decoding=\"async\" width=\"1638\" height=\"2048\" src=\"http:\/\/geoida.pw.edu.pl\/wp-content\/uploads\/2024\/12\/Damian_Marciszka_SesjaGeoida-21-1.jpg\" alt=\"\" class=\"wp-image-951\" style=\"aspect-ratio:3\/4;object-fit:cover\" srcset=\"https:\/\/geoida.pw.edu.pl\/wp-content\/uploads\/2024\/12\/Damian_Marciszka_SesjaGeoida-21-1.jpg 1638w, https:\/\/geoida.pw.edu.pl\/wp-content\/uploads\/2024\/12\/Damian_Marciszka_SesjaGeoida-21-1-240x300.jpg 240w, https:\/\/geoida.pw.edu.pl\/wp-content\/uploads\/2024\/12\/Damian_Marciszka_SesjaGeoida-21-1-819x1024.jpg 819w, https:\/\/geoida.pw.edu.pl\/wp-content\/uploads\/2024\/12\/Damian_Marciszka_SesjaGeoida-21-1-768x960.jpg 768w, https:\/\/geoida.pw.edu.pl\/wp-content\/uploads\/2024\/12\/Damian_Marciszka_SesjaGeoida-21-1-1229x1536.jpg 1229w\" sizes=\"auto, (max-width: 1638px) 100vw, 1638px\" \/><\/figure>\n\n\n\n<p class=\"has-text-align-center has-text-color\" style=\"color:#d4d4d4;font-size:14px\"><strong>Jakub<br>Senator<\/strong><\/p>\n<\/div>\n<\/div>\n\n\n\n<div class=\"wp-block-columns alignwide is-layout-flex wp-container-core-columns-is-layout-9d6595d7 wp-block-columns-is-layout-flex\">\n<div class=\"wp-block-column is-vertically-aligned-center is-layout-flow wp-block-column-is-layout-flow\"><\/div>\n\n\n\n<div class=\"wp-block-column is-vertically-aligned-center is-layout-flow wp-block-column-is-layout-flow\"><\/div>\n<\/div>\n\n\n\n<p><\/p>\n<\/div>","protected":false},"excerpt":{"rendered":"<p>Czym jest GEOIDA? GEOIDA to Stowarzyszenie Student\u00f3w dzia\u0142aj\u0105ce na Wydziale<a href=\"https:\/\/geoida.pw.edu.pl\/\" class=\"darkbiz-read-more\">Rozwi\u0144 tekst<i class=\"fa fa-long-arrow-right\" aria-hidden=\"true\"><\/i><\/a><\/p>\n","protected":false},"author":1,"featured_media":0,"parent":0,"menu_order":0,"comment_status":"closed","ping_status":"closed","template":"","meta":{"footnotes":""},"class_list":["post-198","page","type-page","status-publish","hentry"],"_links":{"self":[{"href":"https:\/\/geoida.pw.edu.pl\/index.php?rest_route=\/wp\/v2\/pages\/198","targetHints":{"allow":["GET"]}}],"collection":[{"href":"https:\/\/geoida.pw.edu.pl\/index.php?rest_route=\/wp\/v2\/pages"}],"about":[{"href":"https:\/\/geoida.pw.edu.pl\/index.php?rest_route=\/wp\/v2\/types\/page"}],"author":[{"embeddable":true,"href":"https:\/\/geoida.pw.edu.pl\/index.php?rest_route=\/wp\/v2\/users\/1"}],"replies":[{"embeddable":true,"href":"https:\/\/geoida.pw.edu.pl\/index.php?rest_route=%2Fwp%2Fv2%2Fcomments&post=198"}],"version-history":[{"count":148,"href":"https:\/\/geoida.pw.edu.pl\/index.php?rest_route=\/wp\/v2\/pages\/198\/revisions"}],"predecessor-version":[{"id":1119,"href":"https:\/\/geoida.pw.edu.pl\/index.php?rest_route=\/wp\/v2\/pages\/198\/revisions\/1119"}],"wp:attachment":[{"href":"https:\/\/geoida.pw.edu.pl\/index.php?rest_route=%2Fwp%2Fv2%2Fmedia&parent=198"}],"curies":[{"name":"wp","href":"https:\/\/api.w.org\/{rel}","templated":true}]}}