{"id":737,"date":"2022-10-14T09:17:06","date_gmt":"2022-10-14T07:17:06","guid":{"rendered":"https:\/\/geoida.pw.edu.pl\/?page_id=737"},"modified":"2026-05-11T19:56:28","modified_gmt":"2026-05-11T17:56:28","slug":"konferencje-i-wyjazdy","status":"publish","type":"page","link":"https:\/\/geoida.pw.edu.pl\/?page_id=737","title":{"rendered":"Konferencje i wyjazdy"},"content":{"rendered":"<div class=\"post-content\">\n<h2 class=\"wp-block-heading has-text-align-left\">Og\u00f3lnopolska Konferencja Student\u00f3w Geodezji<\/h2>\n\n\n\n<div class=\"wp-block-columns is-layout-flex wp-container-core-columns-is-layout-9d6595d7 wp-block-columns-is-layout-flex\">\n<div class=\"wp-block-column is-layout-flow wp-block-column-is-layout-flow\">\n<p><em>OKSG to organizacja zrzeszaj\u0105ca student\u00f3w geodezji z wielu presti\u017cowych uczelni technicznych z ca\u0142ej Polski ma na celu zar\u00f3wno pog\u0142\u0119bianie wiedzy w zakresie szeroko poj\u0119tej geodezji<\/em> <em>oraz geoinformatyki, jak i wzajemn\u0105 wymian\u0119 do\u015bwiadcze\u0144 oraz informacji. <\/em><\/p>\n\n\n\n<p><em>Najwi\u0119kszym przedsi\u0119wzi\u0119ciem Klubu jest coroczna konferencja, kt\u00f3ra w tym roku odby\u0142a si\u0119 na Politechnice Gda\u0144skiej.<\/em><\/p>\n<\/div>\n\n\n\n<div class=\"wp-block-column is-layout-flow wp-block-column-is-layout-flow\"><div class=\"wp-block-image is-style-rounded\">\n<figure class=\"aligncenter size-large is-resized\"><img loading=\"lazy\" decoding=\"async\" width=\"1024\" height=\"661\" src=\"https:\/\/geoida.pw.edu.pl\/wp-content\/uploads\/2026\/05\/678656175_1248272960723447_176472961341858271_n-1-1024x661.jpg\" alt=\"\" class=\"wp-image-1136\" style=\"aspect-ratio:1.4970760233918128;width:483px;height:auto\" srcset=\"https:\/\/geoida.pw.edu.pl\/wp-content\/uploads\/2026\/05\/678656175_1248272960723447_176472961341858271_n-1-1024x661.jpg 1024w, https:\/\/geoida.pw.edu.pl\/wp-content\/uploads\/2026\/05\/678656175_1248272960723447_176472961341858271_n-1-300x194.jpg 300w, https:\/\/geoida.pw.edu.pl\/wp-content\/uploads\/2026\/05\/678656175_1248272960723447_176472961341858271_n-1-768x495.jpg 768w, https:\/\/geoida.pw.edu.pl\/wp-content\/uploads\/2026\/05\/678656175_1248272960723447_176472961341858271_n-1.jpg 1096w\" sizes=\"auto, (max-width: 1024px) 100vw, 1024px\" \/><\/figure>\n<\/div><\/div>\n<\/div>\n\n\n\n<h2 class=\"wp-block-heading has-text-align-right\">International Geodetic Student Meeting<\/h2>\n\n\n\n<div class=\"wp-block-columns is-layout-flex wp-container-core-columns-is-layout-9d6595d7 wp-block-columns-is-layout-flex\">\n<div class=\"wp-block-column is-layout-flow wp-block-column-is-layout-flow\"><div class=\"wp-block-image is-style-rounded\">\n<figure class=\"aligncenter size-large is-resized\"><img loading=\"lazy\" decoding=\"async\" width=\"1024\" height=\"817\" src=\"http:\/\/geoida.pw.edu.pl\/wp-content\/uploads\/2021\/10\/65182692_454336888684181_7789135147932057600_n-e1638779543749-1024x817.jpg\" alt=\"\" class=\"wp-image-241\" style=\"width:429px;height:342px\" srcset=\"https:\/\/geoida.pw.edu.pl\/wp-content\/uploads\/2021\/10\/65182692_454336888684181_7789135147932057600_n-e1638779543749-1024x817.jpg 1024w, https:\/\/geoida.pw.edu.pl\/wp-content\/uploads\/2021\/10\/65182692_454336888684181_7789135147932057600_n-e1638779543749-300x239.jpg 300w, https:\/\/geoida.pw.edu.pl\/wp-content\/uploads\/2021\/10\/65182692_454336888684181_7789135147932057600_n-e1638779543749-768x613.jpg 768w, https:\/\/geoida.pw.edu.pl\/wp-content\/uploads\/2021\/10\/65182692_454336888684181_7789135147932057600_n-e1638779543749-1536x1226.jpg 1536w, https:\/\/geoida.pw.edu.pl\/wp-content\/uploads\/2021\/10\/65182692_454336888684181_7789135147932057600_n-e1638779543749.jpg 1624w\" sizes=\"auto, (max-width: 1024px) 100vw, 1024px\" \/><\/figure>\n<\/div><\/div>\n\n\n\n<div class=\"wp-block-column is-layout-flow wp-block-column-is-layout-flow\">\n<p class=\"has-text-align-left\"><em>International Geodetic Student Meeting (IGSM) to coroczny zlot student\u00f3w i absolwent\u00f3w <\/em><em>z ca\u0142ego \u015bwiata dzia\u0142aj\u0105cych<\/em> <em>w r\u00f3\u017cnych dziedzinach geodezji. <\/em><\/p>\n\n\n\n<p class=\"has-text-align-left\"><em>Celem IGSM jest wymiana wiedzy i do\u015bwiadcze\u0144 pomi\u0119dzy uczestnikami m.in. poprzez organizacje wyjazd\u00f3w, wyk\u0142ad\u00f3w, sesji posterowych<\/em><br><em>i warsztat\u00f3w.<\/em><\/p>\n\n\n\n<p class=\"has-text-align-left\"><em>Co roku spotkanie organizowane jest w innym kraju, co pozwala na wymian\u0119 obyczaj\u00f3w i zapoznanie si\u0119 z kultur\u0105 lokalnych mieszka\u0144c\u00f3w.<\/em><\/p>\n<\/div>\n<\/div>\n\n\n\n<h2 class=\"wp-block-heading\">Forum GPS<\/h2>\n\n\n\n<div class=\"wp-block-columns is-layout-flex wp-container-core-columns-is-layout-9d6595d7 wp-block-columns-is-layout-flex\">\n<div class=\"wp-block-column is-layout-flow wp-block-column-is-layout-flow\">\n<p><em><em>Coroczna konferencja organizowana przez naszych przyjaci\u00f3\u0142 z Akademii G\u00f3rniczo-Hutniczej w Krakowie, pozwalaj\u0105ca zaprezentowa\u0107 studentom swoje dokonania przed nie tylko spo\u0142eczno\u015bci\u0105 akademick\u0105, ale r\u00f3wnie\u017c przedstawicielami r\u00f3\u017cnych firm. Panel dyskusyjny z osobami, posiadaj\u0105cymi du\u017ce do\u015bwiadczenie w pracy, jest miejscem gdzie studenci mog\u0105 zweryfikowa\u0107 swoje domys\u0142y.<\/em><\/em><\/p>\n<\/div>\n\n\n\n<div class=\"wp-block-column is-layout-flow wp-block-column-is-layout-flow\"><div class=\"wp-block-image is-style-rounded\">\n<figure class=\"aligncenter size-large is-resized\"><img loading=\"lazy\" decoding=\"async\" width=\"1500\" height=\"1000\" src=\"https:\/\/geoida.pw.edu.pl\/wp-content\/uploads\/2025\/12\/GPS_2024-1-edited.jpg\" alt=\"\" class=\"wp-image-1030\" style=\"aspect-ratio:1.4970760233918128;width:472px;height:auto\" srcset=\"https:\/\/geoida.pw.edu.pl\/wp-content\/uploads\/2025\/12\/GPS_2024-1-edited.jpg 1500w, https:\/\/geoida.pw.edu.pl\/wp-content\/uploads\/2025\/12\/GPS_2024-1-edited-300x200.jpg 300w, https:\/\/geoida.pw.edu.pl\/wp-content\/uploads\/2025\/12\/GPS_2024-1-edited-1024x683.jpg 1024w, https:\/\/geoida.pw.edu.pl\/wp-content\/uploads\/2025\/12\/GPS_2024-1-edited-768x512.jpg 768w\" sizes=\"auto, (max-width: 1500px) 100vw, 1500px\" \/><\/figure>\n<\/div><\/div>\n<\/div>\n\n\n\n<h2 class=\"wp-block-heading has-text-align-right\">Konferencja naukowa: GIS w Stolicy<\/h2>\n\n\n\n<div class=\"wp-block-columns is-layout-flex wp-container-core-columns-is-layout-9d6595d7 wp-block-columns-is-layout-flex\">\n<div class=\"wp-block-column is-layout-flow wp-block-column-is-layout-flow\">\n<figure class=\"wp-block-image size-large is-resized is-style-rounded\"><img loading=\"lazy\" decoding=\"async\" width=\"1024\" height=\"683\" src=\"http:\/\/geoida.pw.edu.pl\/wp-content\/uploads\/2022\/07\/GisDay-1024x683.jpg\" alt=\"\" class=\"wp-image-741\" style=\"aspect-ratio:1.4970760233918128;width:466px;height:auto\" srcset=\"https:\/\/geoida.pw.edu.pl\/wp-content\/uploads\/2022\/07\/GisDay-1024x683.jpg 1024w, https:\/\/geoida.pw.edu.pl\/wp-content\/uploads\/2022\/07\/GisDay-300x200.jpg 300w, https:\/\/geoida.pw.edu.pl\/wp-content\/uploads\/2022\/07\/GisDay-768x512.jpg 768w, https:\/\/geoida.pw.edu.pl\/wp-content\/uploads\/2022\/07\/GisDay-1536x1024.jpg 1536w, https:\/\/geoida.pw.edu.pl\/wp-content\/uploads\/2022\/07\/GisDay-2048x1365.jpg 2048w\" sizes=\"auto, (max-width: 1024px) 100vw, 1024px\" \/><\/figure>\n<\/div>\n\n\n\n<div class=\"wp-block-column is-layout-flow wp-block-column-is-layout-flow\">\n<p><em>GIS w Stolicy to coroczna konferencja wsp\u00f3\u0142tworzona przez ko\u0142a naukowe oraz organizacje dzia\u0142aj\u0105ce na najwi\u0119kszych warszawskich uczelniach.<\/em><\/p>\n\n\n\n<p><em>Ma na celu promocj\u0119 GIS, integracj\u0119 mi\u0119dzyuczelnian\u0105 oraz aktywizacj\u0119 organizacji pozarz\u0105dowych i spo\u0142ecznych.<\/em><\/p>\n<\/div>\n<\/div>\n\n\n\n<h2 class=\"wp-block-heading\">DAAD<\/h2>\n\n\n\n<div class=\"wp-block-columns is-layout-flex wp-container-core-columns-is-layout-9d6595d7 wp-block-columns-is-layout-flex\">\n<div class=\"wp-block-column is-layout-flow wp-block-column-is-layout-flow\">\n<p><em>Wyjazd na stypendium do Niemiec, podczas kt\u00f3rego nasi cz\u0142onkowie i sympatycy maj\u0105 mo\u017cliwo\u015b\u0107 odwiedzenia wielu niemieckich uczelni czy instytucji zajmuj\u0105cych si\u0119 geodezj\u0105. Wyjazd ten jest dodatkowo \u015bwietn\u0105 okazj\u0105 do integracji oraz poznania kultury naszych zachodnich s\u0105siad\u00f3w.<\/em><\/p>\n<\/div>\n\n\n\n<div class=\"wp-block-column is-layout-flow wp-block-column-is-layout-flow\">\n<figure class=\"wp-block-image size-large is-resized is-style-rounded\"><img loading=\"lazy\" decoding=\"async\" width=\"1024\" height=\"683\" src=\"https:\/\/geoida.pw.edu.pl\/wp-content\/uploads\/2025\/12\/DAAD_2025-1024x683.jpg\" alt=\"\" class=\"wp-image-1008\" style=\"aspect-ratio:1.4970760233918128;width:441px;height:auto\" srcset=\"https:\/\/geoida.pw.edu.pl\/wp-content\/uploads\/2025\/12\/DAAD_2025-1024x683.jpg 1024w, https:\/\/geoida.pw.edu.pl\/wp-content\/uploads\/2025\/12\/DAAD_2025-300x200.jpg 300w, https:\/\/geoida.pw.edu.pl\/wp-content\/uploads\/2025\/12\/DAAD_2025-768x512.jpg 768w, https:\/\/geoida.pw.edu.pl\/wp-content\/uploads\/2025\/12\/DAAD_2025-1536x1025.jpg 1536w, https:\/\/geoida.pw.edu.pl\/wp-content\/uploads\/2025\/12\/DAAD_2025.jpg 1877w\" sizes=\"auto, (max-width: 1024px) 100vw, 1024px\" \/><\/figure>\n<\/div>\n<\/div>\n\n\n\n<h2 class=\"wp-block-heading has-text-align-right\">Targi INTERGEO<\/h2>\n\n\n\n<div class=\"wp-block-columns is-layout-flex wp-container-core-columns-is-layout-9d6595d7 wp-block-columns-is-layout-flex\">\n<div class=\"wp-block-column is-layout-flow wp-block-column-is-layout-flow\"><div class=\"wp-block-image is-style-rounded\">\n<figure class=\"aligncenter size-full\"><img loading=\"lazy\" decoding=\"async\" width=\"488\" height=\"341\" src=\"http:\/\/geoida.pw.edu.pl\/wp-content\/uploads\/2022\/07\/intergeo-e1659106596683.jpg\" alt=\"\" class=\"wp-image-742\" srcset=\"https:\/\/geoida.pw.edu.pl\/wp-content\/uploads\/2022\/07\/intergeo-e1659106596683.jpg 488w, https:\/\/geoida.pw.edu.pl\/wp-content\/uploads\/2022\/07\/intergeo-e1659106596683-300x210.jpg 300w\" sizes=\"auto, (max-width: 488px) 100vw, 488px\" \/><\/figure>\n<\/div><\/div>\n\n\n\n<div class=\"wp-block-column is-layout-flow wp-block-column-is-layout-flow\">\n<p><em>Najwi\u0119ksze w Europie targi geodezyjne, na kt\u00f3re zdarzy\u0142o nam si\u0119 pojecha\u0107 i pozna\u0107 najnowsze technologie u\u017cywane w geodezji.<\/em><\/p>\n<\/div>\n<\/div>\n<\/div>","protected":false},"excerpt":{"rendered":"<p>Og\u00f3lnopolska Konferencja Student\u00f3w Geodezji OKSG to organizacja zrzeszaj\u0105ca student\u00f3w geodezji<a href=\"https:\/\/geoida.pw.edu.pl\/?page_id=737\" class=\"darkbiz-read-more\">Rozwi\u0144 tekst<i class=\"fa fa-long-arrow-right\" aria-hidden=\"true\"><\/i><\/a><\/p>\n","protected":false},"author":1,"featured_media":0,"parent":0,"menu_order":0,"comment_status":"closed","ping_status":"closed","template":"","meta":{"footnotes":""},"class_list":["post-737","page","type-page","status-publish","hentry"],"_links":{"self":[{"href":"https:\/\/geoida.pw.edu.pl\/index.php?rest_route=\/wp\/v2\/pages\/737","targetHints":{"allow":["GET"]}}],"collection":[{"href":"https:\/\/geoida.pw.edu.pl\/index.php?rest_route=\/wp\/v2\/pages"}],"about":[{"href":"https:\/\/geoida.pw.edu.pl\/index.php?rest_route=\/wp\/v2\/types\/page"}],"author":[{"embeddable":true,"href":"https:\/\/geoida.pw.edu.pl\/index.php?rest_route=\/wp\/v2\/users\/1"}],"replies":[{"embeddable":true,"href":"https:\/\/geoida.pw.edu.pl\/index.php?rest_route=%2Fwp%2Fv2%2Fcomments&post=737"}],"version-history":[{"count":12,"href":"https:\/\/geoida.pw.edu.pl\/index.php?rest_route=\/wp\/v2\/pages\/737\/revisions"}],"predecessor-version":[{"id":1141,"href":"https:\/\/geoida.pw.edu.pl\/index.php?rest_route=\/wp\/v2\/pages\/737\/revisions\/1141"}],"wp:attachment":[{"href":"https:\/\/geoida.pw.edu.pl\/index.php?rest_route=%2Fwp%2Fv2%2Fmedia&parent=737"}],"curies":[{"name":"wp","href":"https:\/\/api.w.org\/{rel}","templated":true}]}}