{"id":754,"date":"2022-10-14T09:21:34","date_gmt":"2022-10-14T07:21:34","guid":{"rendered":"https:\/\/geoida.pw.edu.pl\/?page_id=754"},"modified":"2025-12-28T19:52:09","modified_gmt":"2025-12-28T18:52:09","slug":"projekty-organizacyjne-2","status":"publish","type":"page","link":"https:\/\/geoida.pw.edu.pl\/?page_id=754","title":{"rendered":"Projekty Organizacyjne"},"content":{"rendered":"<div class=\"post-content\">\n<h2 class=\"wp-block-heading has-text-align-left\">Urodziny GEOIDY<\/h2>\n\n\n\n<div class=\"wp-block-columns is-layout-flex wp-container-core-columns-is-layout-9d6595d7 wp-block-columns-is-layout-flex\">\n<div class=\"wp-block-column is-layout-flow wp-block-column-is-layout-flow\">\n<p><em>Urodziny GEOIDY s\u0105 nieod\u0142\u0105czn\u0105 tradycj\u0105 naszego Stowarzyszenia. Wydarzenie to sk\u0142ada si\u0119 z r\u00f3\u017cnorodnych wydarze\u0144 towarzysz\u0105cych oraz g\u0142\u00f3wnym \u2013 imprez\u0105 urodzinow\u0105 w jednym z warszawskich klub\u00f3w. Jest to \u015bwietna okazja do spotkania mi\u0119dzy pokoleniami. Na urodzinach nie bawi\u0105 si\u0119 tylko obecni cz\u0142onkowie i sympatycy GEOIDY, ale r\u00f3wnie\u017c zapraszane s\u0105 osoby, kt\u00f3re dawniej si\u0119 w niej udziela\u0142y. <\/em><\/p>\n<\/div>\n\n\n\n<div class=\"wp-block-column is-layout-flow wp-block-column-is-layout-flow\">\n<figure class=\"wp-block-image size-large is-style-rounded\"><img loading=\"lazy\" decoding=\"async\" width=\"1024\" height=\"683\" src=\"https:\/\/geoida.pw.edu.pl\/wp-content\/uploads\/2025\/12\/Urodziny_2025-1024x683.jpg\" alt=\"\" class=\"wp-image-1017\" srcset=\"https:\/\/geoida.pw.edu.pl\/wp-content\/uploads\/2025\/12\/Urodziny_2025-1024x683.jpg 1024w, https:\/\/geoida.pw.edu.pl\/wp-content\/uploads\/2025\/12\/Urodziny_2025-300x200.jpg 300w, https:\/\/geoida.pw.edu.pl\/wp-content\/uploads\/2025\/12\/Urodziny_2025-768x512.jpg 768w, https:\/\/geoida.pw.edu.pl\/wp-content\/uploads\/2025\/12\/Urodziny_2025-1536x1024.jpg 1536w, https:\/\/geoida.pw.edu.pl\/wp-content\/uploads\/2025\/12\/Urodziny_2025.jpg 2048w\" sizes=\"auto, (max-width: 1024px) 100vw, 1024px\" \/><\/figure>\n<\/div>\n<\/div>\n\n\n\n<h2 class=\"wp-block-heading has-text-align-right\">GeoPiknik<\/h2>\n\n\n\n<div class=\"wp-block-columns is-layout-flex wp-container-core-columns-is-layout-9d6595d7 wp-block-columns-is-layout-flex\">\n<div class=\"wp-block-column is-layout-flow wp-block-column-is-layout-flow\">\n<figure class=\"wp-block-image size-large is-resized is-style-rounded\"><img loading=\"lazy\" decoding=\"async\" width=\"1024\" height=\"805\" src=\"http:\/\/geoida.pw.edu.pl\/wp-content\/uploads\/2021\/10\/DSC_0612-scaled-e1638779279743-1024x805.jpg\" alt=\"\" class=\"wp-image-238\" style=\"aspect-ratio:1.2704714640198511;width:474px;height:auto\" srcset=\"https:\/\/geoida.pw.edu.pl\/wp-content\/uploads\/2021\/10\/DSC_0612-scaled-e1638779279743-1024x805.jpg 1024w, https:\/\/geoida.pw.edu.pl\/wp-content\/uploads\/2021\/10\/DSC_0612-scaled-e1638779279743-300x236.jpg 300w, https:\/\/geoida.pw.edu.pl\/wp-content\/uploads\/2021\/10\/DSC_0612-scaled-e1638779279743-768x603.jpg 768w, https:\/\/geoida.pw.edu.pl\/wp-content\/uploads\/2021\/10\/DSC_0612-scaled-e1638779279743-1536x1207.jpg 1536w, https:\/\/geoida.pw.edu.pl\/wp-content\/uploads\/2021\/10\/DSC_0612-scaled-e1638779279743-2048x1609.jpg 2048w\" sizes=\"auto, (max-width: 1024px) 100vw, 1024px\" \/><\/figure>\n<\/div>\n\n\n\n<div class=\"wp-block-column is-layout-flow wp-block-column-is-layout-flow\">\n<p><em>GeoPiknik jest wydarzeniem organizowanym ju\u017c od wielu lat i bior\u0105 w nim udzia\u0142 nie tylko studenci Politechniki Warszawskiej, ale r\u00f3wnie\u017c pracownicy naszego wydzia\u0142u, wa\u017cne osobisto\u015bci \u015bwiata geodezji oraz mieszka\u0144cy J\u00f3zefos\u0142awia i okolic.<\/em><\/p>\n\n\n\n<p><em>W trakcie trwania pikniku organizowanych jest r\u00f3wnie\u017c wiele gier terenowych, GeoOlimpiada, mecz pi\u0142ki no\u017cnej \u201estudenci vs pracownicy Politechniki Warszawskiej\u201d, paintball, konkurs centrowania oraz loteria fantowa.<\/em><\/p>\n<\/div>\n<\/div>\n\n\n\n<h2 class=\"wp-block-heading\">Drzwi Otwarte<\/h2>\n\n\n\n<div class=\"wp-block-columns is-layout-flex wp-container-core-columns-is-layout-9d6595d7 wp-block-columns-is-layout-flex\">\n<div class=\"wp-block-column is-layout-flow wp-block-column-is-layout-flow\">\n<p><em>Drzwi Otwarte to \u015bwietna okazja, \u017ceby&nbsp;zapozna\u0107 si\u0119<\/em><br><em>z ofert\u0105 dydaktyczn\u0105 naszej Uczelni oraz zasadami przyj\u0119\u0107 na studia.<\/em><\/p>\n\n\n\n<p><em>W programie Drzwi Otwartych przygotowywane s\u0105 m.in. spotkania informacyjne, prezentacja oferty dydaktycznej poszczeg\u00f3lnych wydzia\u0142\u00f3w, rozmowy i dyskusje ze studentami i nauczycielami akademickimi oraz zwiedzanie laboratori\u00f3w naukowych<\/em><br><em>i dydaktycznych.<\/em><\/p>\n<\/div>\n\n\n\n<div class=\"wp-block-column is-layout-flow wp-block-column-is-layout-flow\"><div class=\"wp-block-image is-style-rounded\">\n<figure class=\"aligncenter size-large is-resized\"><img loading=\"lazy\" decoding=\"async\" width=\"1536\" height=\"1024\" src=\"https:\/\/geoida.pw.edu.pl\/wp-content\/uploads\/2025\/12\/Drzwi_Otwarte_2025-edited.jpg\" alt=\"\" class=\"wp-image-1023\" style=\"aspect-ratio:1.4027397260273973;width:476px;height:auto\" srcset=\"https:\/\/geoida.pw.edu.pl\/wp-content\/uploads\/2025\/12\/Drzwi_Otwarte_2025-edited.jpg 1536w, https:\/\/geoida.pw.edu.pl\/wp-content\/uploads\/2025\/12\/Drzwi_Otwarte_2025-edited-300x200.jpg 300w, https:\/\/geoida.pw.edu.pl\/wp-content\/uploads\/2025\/12\/Drzwi_Otwarte_2025-edited-1024x683.jpg 1024w, https:\/\/geoida.pw.edu.pl\/wp-content\/uploads\/2025\/12\/Drzwi_Otwarte_2025-edited-768x512.jpg 768w\" sizes=\"auto, (max-width: 1536px) 100vw, 1536px\" \/><\/figure>\n<\/div><\/div>\n<\/div>\n\n\n\n<h2 class=\"wp-block-heading has-text-align-right\">Targi K\u00f3\u0142 Naukowych i Organizacji Studenckich \u201eKONIK&#8221;<\/h2>\n\n\n\n<div class=\"wp-block-columns is-layout-flex wp-container-core-columns-is-layout-9d6595d7 wp-block-columns-is-layout-flex\">\n<div class=\"wp-block-column is-layout-flow wp-block-column-is-layout-flow\"><div class=\"wp-block-image is-style-rounded\">\n<figure class=\"aligncenter size-large is-resized\"><img loading=\"lazy\" decoding=\"async\" width=\"1024\" height=\"683\" src=\"http:\/\/geoida.pw.edu.pl\/wp-content\/uploads\/2022\/07\/konik-1024x683.jpg\" alt=\"\" class=\"wp-image-744\" style=\"aspect-ratio:1.4970760233918128;width:470px;height:auto\" srcset=\"https:\/\/geoida.pw.edu.pl\/wp-content\/uploads\/2022\/07\/konik-1024x683.jpg 1024w, https:\/\/geoida.pw.edu.pl\/wp-content\/uploads\/2022\/07\/konik-300x200.jpg 300w, https:\/\/geoida.pw.edu.pl\/wp-content\/uploads\/2022\/07\/konik-768x512.jpg 768w, https:\/\/geoida.pw.edu.pl\/wp-content\/uploads\/2022\/07\/konik-1536x1024.jpg 1536w, https:\/\/geoida.pw.edu.pl\/wp-content\/uploads\/2022\/07\/konik-2048x1365.jpg 2048w\" sizes=\"auto, (max-width: 1024px) 100vw, 1024px\" \/><\/figure>\n<\/div><\/div>\n\n\n\n<div class=\"wp-block-column is-layout-flow wp-block-column-is-layout-flow\">\n<p>Targi \u201eKONIK\u201d to najwi\u0119ksze studenckie targi, na kt\u00f3rych jest mo\u017cliwo\u015b\u0107 zapoznania si\u0119 ze wszystkimi ko\u0142ami naukowymi oraz organizacjami studenckimi dzia\u0142aj\u0105cymi na Politechnice Warszawskiej.<\/p>\n<\/div>\n<\/div>\n\n\n\n<h2 class=\"wp-block-heading\">Szkolenie GEOIDY<\/h2>\n\n\n\n<div class=\"wp-block-columns is-layout-flex wp-container-core-columns-is-layout-9d6595d7 wp-block-columns-is-layout-flex\">\n<div class=\"wp-block-column is-layout-flow wp-block-column-is-layout-flow\">\n<p>Szkolenie jest wydarzeniem integruj\u0105co-szkol\u0105cym naszych cz\u0142onk\u00f3w, sympatyk\u00f3w, czy os\u00f3b dopiero zaczynaj\u0105cych swoj\u0105 przygod\u0119 z naszym Wydzia\u0142em. Od lat grupa m\u0142odych Geoidowc\u00f3w wyje\u017cd\u017ca do P\u0142ocka, \u017ceby poprawi\u0107 swoje umiej\u0119tno\u015bci mi\u0119kkie czy te\u017c dowiedzie\u0107 si\u0119 wi\u0119cej o dzia\u0142aniu ca\u0142ego Stowarzyszenia. Zdobywanie nowych umiej\u0119tno\u015bci przeplata si\u0119 ze zdobywaniem nowych znajomo\u015bci i zacie\u015bnianiem ju\u017c istniej\u0105cych. <\/p>\n<\/div>\n\n\n\n<div class=\"wp-block-column is-layout-flow wp-block-column-is-layout-flow\"><div class=\"wp-block-image is-style-rounded\">\n<figure class=\"aligncenter size-large is-resized\"><img loading=\"lazy\" decoding=\"async\" width=\"1536\" height=\"1024\" src=\"https:\/\/geoida.pw.edu.pl\/wp-content\/uploads\/2025\/12\/Szkolenie_2025-edited-1.jpg\" alt=\"\" class=\"wp-image-1021\" style=\"aspect-ratio:1.4970760233918128;width:470px;height:auto\" srcset=\"https:\/\/geoida.pw.edu.pl\/wp-content\/uploads\/2025\/12\/Szkolenie_2025-edited-1.jpg 1536w, https:\/\/geoida.pw.edu.pl\/wp-content\/uploads\/2025\/12\/Szkolenie_2025-edited-1-300x200.jpg 300w, https:\/\/geoida.pw.edu.pl\/wp-content\/uploads\/2025\/12\/Szkolenie_2025-edited-1-1024x683.jpg 1024w, https:\/\/geoida.pw.edu.pl\/wp-content\/uploads\/2025\/12\/Szkolenie_2025-edited-1-768x512.jpg 768w\" sizes=\"auto, (max-width: 1536px) 100vw, 1536px\" \/><\/figure>\n<\/div><\/div>\n<\/div>\n\n\n\n<h2 class=\"wp-block-heading has-text-align-right\">Dzie\u0144 Teledetekcji<\/h2>\n\n\n\n<div class=\"wp-block-columns is-layout-flex wp-container-core-columns-is-layout-9d6595d7 wp-block-columns-is-layout-flex\">\n<div class=\"wp-block-column is-layout-flow wp-block-column-is-layout-flow\"><div class=\"wp-block-image is-style-rounded\">\n<figure class=\"aligncenter size-large is-resized\"><img loading=\"lazy\" decoding=\"async\" width=\"1328\" height=\"885\" src=\"https:\/\/geoida.pw.edu.pl\/wp-content\/uploads\/2025\/12\/Dzien_tele_2025-1-edited.jpg\" alt=\"\" class=\"wp-image-1025\" style=\"aspect-ratio:1.4970760233918128;width:470px;height:auto\" srcset=\"https:\/\/geoida.pw.edu.pl\/wp-content\/uploads\/2025\/12\/Dzien_tele_2025-1-edited.jpg 1328w, https:\/\/geoida.pw.edu.pl\/wp-content\/uploads\/2025\/12\/Dzien_tele_2025-1-edited-300x200.jpg 300w, https:\/\/geoida.pw.edu.pl\/wp-content\/uploads\/2025\/12\/Dzien_tele_2025-1-edited-1024x682.jpg 1024w, https:\/\/geoida.pw.edu.pl\/wp-content\/uploads\/2025\/12\/Dzien_tele_2025-1-edited-768x512.jpg 768w\" sizes=\"auto, (max-width: 1328px) 100vw, 1328px\" \/><\/figure>\n<\/div><\/div>\n\n\n\n<div class=\"wp-block-column is-layout-flow wp-block-column-is-layout-flow\">\n<p>Dzie\u0144 Teledetekcji to coroczne wydarzenie organizowane przez nasze Stowarzyszenie oraz Zak\u0142ad Fotogrametrii, Teledetekcji i System\u00f3w Informacji Przestrzennej WGiK PW nieprzerwanie od 2002 roku.<\/p>\n\n\n\n<p>Od lat zrzesza ona student\u00f3w, jak i osoby ze \u015bwiata nauki. W tym roku zorganizowali\u015bmy wystaw\u0119 przedstawiaj\u0105c\u0105 loty Polak\u00f3w w kosmos.<\/p>\n<\/div>\n<\/div>\n\n\n\n<h2 class=\"wp-block-heading\">Wyjazdy wakacyjne<\/h2>\n\n\n\n<div class=\"wp-block-columns is-layout-flex wp-container-core-columns-is-layout-9d6595d7 wp-block-columns-is-layout-flex\">\n<div class=\"wp-block-column is-layout-flow wp-block-column-is-layout-flow\">\n<p>Co roku organizujemy wakacyjne wyjazdy naukowo-integracyjne dla naszych cz\u0142onk\u00f3w i sympatyk\u00f3w. Je\u017adzimy w Polsk\u0119 \u0142\u0105cz\u0105c projekty naukowe z dobr\u0105 zabaw\u0105.<\/p>\n<\/div>\n\n\n\n<div class=\"wp-block-column is-layout-flow wp-block-column-is-layout-flow\"><div class=\"wp-block-image is-style-rounded\">\n<figure class=\"aligncenter size-large is-resized\"><img loading=\"lazy\" decoding=\"async\" width=\"1024\" height=\"683\" src=\"https:\/\/geoida.pw.edu.pl\/wp-content\/uploads\/2025\/12\/Koliba_2024-1024x683.jpg\" alt=\"\" class=\"wp-image-1026\" style=\"aspect-ratio:1.4301675977653632;width:480px;height:auto\" srcset=\"https:\/\/geoida.pw.edu.pl\/wp-content\/uploads\/2025\/12\/Koliba_2024-1024x683.jpg 1024w, https:\/\/geoida.pw.edu.pl\/wp-content\/uploads\/2025\/12\/Koliba_2024-300x200.jpg 300w, https:\/\/geoida.pw.edu.pl\/wp-content\/uploads\/2025\/12\/Koliba_2024-768x512.jpg 768w, https:\/\/geoida.pw.edu.pl\/wp-content\/uploads\/2025\/12\/Koliba_2024-1536x1024.jpg 1536w, https:\/\/geoida.pw.edu.pl\/wp-content\/uploads\/2025\/12\/Koliba_2024.jpg 2048w\" sizes=\"auto, (max-width: 1024px) 100vw, 1024px\" \/><\/figure>\n<\/div><\/div>\n<\/div>\n<\/div>","protected":false},"excerpt":{"rendered":"<p>Urodziny GEOIDY Urodziny GEOIDY s\u0105 nieod\u0142\u0105czn\u0105 tradycj\u0105 naszego Stowarzyszenia. Wydarzenie<a href=\"https:\/\/geoida.pw.edu.pl\/?page_id=754\" class=\"darkbiz-read-more\">Rozwi\u0144 tekst<i class=\"fa fa-long-arrow-right\" aria-hidden=\"true\"><\/i><\/a><\/p>\n","protected":false},"author":1,"featured_media":0,"parent":0,"menu_order":0,"comment_status":"closed","ping_status":"closed","template":"","meta":{"footnotes":""},"class_list":["post-754","page","type-page","status-publish","hentry"],"_links":{"self":[{"href":"https:\/\/geoida.pw.edu.pl\/index.php?rest_route=\/wp\/v2\/pages\/754","targetHints":{"allow":["GET"]}}],"collection":[{"href":"https:\/\/geoida.pw.edu.pl\/index.php?rest_route=\/wp\/v2\/pages"}],"about":[{"href":"https:\/\/geoida.pw.edu.pl\/index.php?rest_route=\/wp\/v2\/types\/page"}],"author":[{"embeddable":true,"href":"https:\/\/geoida.pw.edu.pl\/index.php?rest_route=\/wp\/v2\/users\/1"}],"replies":[{"embeddable":true,"href":"https:\/\/geoida.pw.edu.pl\/index.php?rest_route=%2Fwp%2Fv2%2Fcomments&post=754"}],"version-history":[{"count":6,"href":"https:\/\/geoida.pw.edu.pl\/index.php?rest_route=\/wp\/v2\/pages\/754\/revisions"}],"predecessor-version":[{"id":1033,"href":"https:\/\/geoida.pw.edu.pl\/index.php?rest_route=\/wp\/v2\/pages\/754\/revisions\/1033"}],"wp:attachment":[{"href":"https:\/\/geoida.pw.edu.pl\/index.php?rest_route=%2Fwp%2Fv2%2Fmedia&parent=754"}],"curies":[{"name":"wp","href":"https:\/\/api.w.org\/{rel}","templated":true}]}}