{"id":757,"date":"2022-10-14T09:25:18","date_gmt":"2022-10-14T07:25:18","guid":{"rendered":"https:\/\/geoida.pw.edu.pl\/?page_id=757"},"modified":"2023-01-18T14:07:58","modified_gmt":"2023-01-18T13:07:58","slug":"projekty-naukowe-2","status":"publish","type":"page","link":"https:\/\/geoida.pw.edu.pl\/?page_id=757","title":{"rendered":"Projekty Naukowe"},"content":{"rendered":"<div class=\"post-content\">\n<h2 class=\"wp-block-heading\">Wirtualny spacer po muzeum Politechniki Warszawskiej<\/h2>\n\n\n\n<div class=\"wp-block-columns is-layout-flex wp-container-core-columns-is-layout-9d6595d7 wp-block-columns-is-layout-flex\">\n<div class=\"wp-block-column is-layout-flow wp-block-column-is-layout-flow\">\n<p><em>Wirtualny spacer to mo\u017cliwo\u015b\u0107 zwiedzenia r\u00f3\u017cnych miejsc bez pojawiania si\u0119 w nich osobi\u015bcie. Nasze Stowarzyszenie wesz\u0142o we wsp\u00f3\u0142prac\u0119 z Muzeum Politechniki Warszawskiej, w kt\u00f3rym podczas wykonywania pomiar\u00f3w mo\u017cna by\u0142o jeszcze podziwia\u0107 wystaw\u0119 po\u015bwi\u0119con\u0105 naszemu Wydzia\u0142owi oraz geodezji. Kamera 360 pozwoli\u0142a przy\u015bpieszy\u0107 prac\u0119 nad projektem. Spacer w nied\u0142ugiej przysz\u0142o\u015bci, b\u0119dzie mo\u017cna zobaczy\u0107 na stornie muzeum.<\/em><\/p>\n\n\n\n<div class=\"wp-block-buttons is-content-justification-center is-layout-flex wp-container-core-buttons-is-layout-16018d1d wp-block-buttons-is-layout-flex\">\n<div class=\"wp-block-button has-custom-font-size is-style-fill has-medium-font-size\"><a class=\"wp-block-button__link wp-element-button\" href=\"https:\/\/www.muzeum.pw.edu.pl\/var\/storage\/packages\/muzeum\/spacer\/index.html\" rel=\"\">SPACER<\/a><\/div>\n<\/div>\n<\/div>\n\n\n\n<div class=\"wp-block-column is-layout-flow wp-block-column-is-layout-flow\"><div class=\"wp-block-image is-style-rounded\">\n<figure class=\"aligncenter size-large is-resized\"><img loading=\"lazy\" decoding=\"async\" src=\"http:\/\/geoida.pw.edu.pl\/wp-content\/uploads\/2022\/07\/Muzeum-1024x683.jpg\" alt=\"\" class=\"wp-image-745\" width=\"512\" height=\"342\" srcset=\"https:\/\/geoida.pw.edu.pl\/wp-content\/uploads\/2022\/07\/Muzeum-1024x683.jpg 1024w, https:\/\/geoida.pw.edu.pl\/wp-content\/uploads\/2022\/07\/Muzeum-300x200.jpg 300w, https:\/\/geoida.pw.edu.pl\/wp-content\/uploads\/2022\/07\/Muzeum-768x512.jpg 768w, https:\/\/geoida.pw.edu.pl\/wp-content\/uploads\/2022\/07\/Muzeum-1536x1024.jpg 1536w, https:\/\/geoida.pw.edu.pl\/wp-content\/uploads\/2022\/07\/Muzeum-2048x1365.jpg 2048w\" sizes=\"auto, (max-width: 512px) 100vw, 512px\" \/><\/figure>\n<\/div><\/div>\n<\/div>\n\n\n\n<h2 class=\"has-text-align-right wp-block-heading\">Pomiar Stadionu &#8222;Syrenka&#8221;<\/h2>\n\n\n\n<div class=\"wp-block-columns is-layout-flex wp-container-core-columns-is-layout-9d6595d7 wp-block-columns-is-layout-flex\">\n<div class=\"wp-block-column is-layout-flow wp-block-column-is-layout-flow\">\n<figure class=\"wp-block-image size-full is-resized is-style-rounded\"><img loading=\"lazy\" decoding=\"async\" src=\"http:\/\/geoida.pw.edu.pl\/wp-content\/uploads\/2022\/07\/Syrenka-e1659107457531.jpg\" alt=\"\" class=\"wp-image-747\" width=\"470\" height=\"287\" srcset=\"https:\/\/geoida.pw.edu.pl\/wp-content\/uploads\/2022\/07\/Syrenka-e1659107457531.jpg 627w, https:\/\/geoida.pw.edu.pl\/wp-content\/uploads\/2022\/07\/Syrenka-e1659107457531-300x183.jpg 300w\" sizes=\"auto, (max-width: 470px) 100vw, 470px\" \/><\/figure>\n<\/div>\n\n\n\n<div class=\"wp-block-column is-layout-flow wp-block-column-is-layout-flow\">\n<p><em>W 2021 roku cz\u0142onkowie Juwe Teamu zg\u0142osili si\u0119 do nas z pro\u015bb\u0105 o wykonanie pomiar\u00f3w Stadionu &#8222;Syrenka&#8221; w celu wykonania mapy, aby Juwenalia 2022 mog\u0142y si\u0119 w og\u00f3le odby\u0107. <\/em><\/p>\n<\/div>\n<\/div>\n\n\n\n<h2 class=\"wp-block-heading\">Wirtualny spacer po Kolibie Studenckiej Politechniki Warszawskiej<\/h2>\n\n\n\n<div class=\"wp-block-columns is-layout-flex wp-container-core-columns-is-layout-9d6595d7 wp-block-columns-is-layout-flex\">\n<div class=\"wp-block-column is-layout-flow wp-block-column-is-layout-flow\">\n<p><em>Wirtualnych spacer\u00f3w nigdy do\u015b\u0107. Ju\u017c jaki\u015b czas temu grupa naszych cz\u0142onk\u00f3w wykona\u0142a wirtualny spacer po Kolibie Studenckiej. Wykonali go inn\u0105 technik\u0105, poniewa\u017c wybrano tutaj normalny aparat cyfrowy. <\/em><\/p>\n<\/div>\n\n\n\n<div class=\"wp-block-column is-layout-flow wp-block-column-is-layout-flow\"><div class=\"wp-block-image is-style-rounded\">\n<figure class=\"aligncenter size-large is-resized\"><img loading=\"lazy\" decoding=\"async\" src=\"http:\/\/geoida.pw.edu.pl\/wp-content\/uploads\/2022\/07\/Koliba-scaled-e1659107547619-1024x768.jpg\" alt=\"\" class=\"wp-image-743\" width=\"512\" height=\"384\" srcset=\"https:\/\/geoida.pw.edu.pl\/wp-content\/uploads\/2022\/07\/Koliba-scaled-e1659107547619-1024x768.jpg 1024w, https:\/\/geoida.pw.edu.pl\/wp-content\/uploads\/2022\/07\/Koliba-scaled-e1659107547619-300x225.jpg 300w, https:\/\/geoida.pw.edu.pl\/wp-content\/uploads\/2022\/07\/Koliba-scaled-e1659107547619-768x576.jpg 768w, https:\/\/geoida.pw.edu.pl\/wp-content\/uploads\/2022\/07\/Koliba-scaled-e1659107547619-1536x1152.jpg 1536w, https:\/\/geoida.pw.edu.pl\/wp-content\/uploads\/2022\/07\/Koliba-scaled-e1659107547619-2048x1536.jpg 2048w\" sizes=\"auto, (max-width: 512px) 100vw, 512px\" \/><\/figure>\n<\/div><\/div>\n<\/div>\n\n\n\n<h2 class=\"has-text-align-right wp-block-heading\">Projekt MARS<\/h2>\n\n\n\n<div class=\"wp-block-columns is-layout-flex wp-container-core-columns-is-layout-9d6595d7 wp-block-columns-is-layout-flex\">\n<div class=\"wp-block-column is-layout-flow wp-block-column-is-layout-flow\"><div class=\"wp-block-image is-style-rounded\">\n<figure class=\"aligncenter size-large is-resized\"><img loading=\"lazy\" decoding=\"async\" src=\"http:\/\/geoida.pw.edu.pl\/wp-content\/uploads\/2021\/10\/mars-e1659107644925-1024x764.png\" alt=\"\" class=\"wp-image-227\" width=\"512\" height=\"382\" srcset=\"https:\/\/geoida.pw.edu.pl\/wp-content\/uploads\/2021\/10\/mars-e1659107644925-1024x764.png 1024w, https:\/\/geoida.pw.edu.pl\/wp-content\/uploads\/2021\/10\/mars-e1659107644925-300x224.png 300w, https:\/\/geoida.pw.edu.pl\/wp-content\/uploads\/2021\/10\/mars-e1659107644925-768x573.png 768w, https:\/\/geoida.pw.edu.pl\/wp-content\/uploads\/2021\/10\/mars-e1659107644925-1536x1147.png 1536w, https:\/\/geoida.pw.edu.pl\/wp-content\/uploads\/2021\/10\/mars-e1659107644925-2048x1529.png 2048w\" sizes=\"auto, (max-width: 512px) 100vw, 512px\" \/><\/figure>\n<\/div><\/div>\n\n\n\n<div class=\"wp-block-column is-layout-flow wp-block-column-is-layout-flow\">\n<p><em>Celem projektu MARS jest opracowanie prototypu systemu symulacyjnego umo\u017cliwiaj\u0105cego planowanie terratransformacji Marsa.<\/em><\/p>\n\n\n\n<p><em>W lutym 2021 roku kliku cz\u0142onk\u00f3w wraz z Ko\u0142em Naukowym Geodezji<br>i Kartografii wyjecha\u0142o do S\u0142owi\u0144skiego Parku Narodowego w celu wykonania pomiar\u00f3w<br>w ramach doskonalenia projektu MARS.<\/em><\/p>\n\n\n\n<p><em>Cz\u0119\u015b\u0107 pomiarowa polega\u0142a m.in. na zag\u0119szczeniu osnowy, pomiarze punkt\u00f3w, wykonaniu profili oraz sfotografowaniu niecek deflacyjnych i innych form eolicznych poprzez nalot fotogrametryczny.<\/em><\/p>\n<\/div>\n<\/div>\n\n\n\n<h2 class=\"wp-block-heading\">\u201eHow to speak geodesic? \u2013 Angielski z GEOID\u0104\u201d<\/h2>\n\n\n\n<div class=\"wp-block-columns is-layout-flex wp-container-core-columns-is-layout-9d6595d7 wp-block-columns-is-layout-flex\">\n<div class=\"wp-block-column is-layout-flow wp-block-column-is-layout-flow\">\n<p><em>Projekt mia\u0142 na celu zaznajomienie student\u00f3w oraz uczni\u00f3w technikum z ca\u0142ej Polski ze s\u0142ownictwem angielskim, kt\u00f3re mo\u017ce si\u0119 okaza\u0107 przydatne w czasie studi\u00f3w, jak i podczas pracy zawodowej.<\/em><\/p>\n\n\n\n<p><em>Ka\u017cdy uczestnik mia\u0142 do dyspozycji zestawy s\u0142\u00f3wek udost\u0119pnione w aplikacji Quizlet umo\u017cliwiaj\u0105cej nauk\u0119 na wiele r\u00f3\u017cnych, kreatywnych sposob\u00f3w. Nast\u0119pnie w aplikacji Kahoot mo\u017cna by\u0142o rozwi\u0105zywa\u0107 quizy na czas sprawdzaj\u0105ce wiedz\u0119, a najlepsi mogli liczy\u0107 na atrakcyjne nagr\u00f3d.<\/em><\/p>\n<\/div>\n\n\n\n<div class=\"wp-block-column is-layout-flow wp-block-column-is-layout-flow\"><div class=\"wp-block-image is-style-rounded\">\n<figure class=\"aligncenter size-large is-resized\"><img loading=\"lazy\" decoding=\"async\" src=\"http:\/\/geoida.pw.edu.pl\/wp-content\/uploads\/2021\/12\/a1-1024x712.jpg\" alt=\"\" class=\"wp-image-574\" width=\"512\" height=\"356\" srcset=\"https:\/\/geoida.pw.edu.pl\/wp-content\/uploads\/2021\/12\/a1-1024x712.jpg 1024w, https:\/\/geoida.pw.edu.pl\/wp-content\/uploads\/2021\/12\/a1-300x209.jpg 300w, https:\/\/geoida.pw.edu.pl\/wp-content\/uploads\/2021\/12\/a1-768x534.jpg 768w, https:\/\/geoida.pw.edu.pl\/wp-content\/uploads\/2021\/12\/a1-1536x1069.jpg 1536w, https:\/\/geoida.pw.edu.pl\/wp-content\/uploads\/2021\/12\/a1.jpg 1916w\" sizes=\"auto, (max-width: 512px) 100vw, 512px\" \/><\/figure>\n<\/div><\/div>\n<\/div>\n<\/div>","protected":false},"excerpt":{"rendered":"<p>Wirtualny spacer po muzeum Politechniki Warszawskiej Wirtualny spacer to mo\u017cliwo\u015b\u0107<a href=\"https:\/\/geoida.pw.edu.pl\/?page_id=757\" class=\"darkbiz-read-more\">Rozwi\u0144 tekst<i class=\"fa fa-long-arrow-right\" aria-hidden=\"true\"><\/i><\/a><\/p>\n","protected":false},"author":1,"featured_media":0,"parent":0,"menu_order":0,"comment_status":"closed","ping_status":"closed","template":"","meta":{"footnotes":""},"class_list":["post-757","page","type-page","status-publish","hentry"],"_links":{"self":[{"href":"https:\/\/geoida.pw.edu.pl\/index.php?rest_route=\/wp\/v2\/pages\/757","targetHints":{"allow":["GET"]}}],"collection":[{"href":"https:\/\/geoida.pw.edu.pl\/index.php?rest_route=\/wp\/v2\/pages"}],"about":[{"href":"https:\/\/geoida.pw.edu.pl\/index.php?rest_route=\/wp\/v2\/types\/page"}],"author":[{"embeddable":true,"href":"https:\/\/geoida.pw.edu.pl\/index.php?rest_route=\/wp\/v2\/users\/1"}],"replies":[{"embeddable":true,"href":"https:\/\/geoida.pw.edu.pl\/index.php?rest_route=%2Fwp%2Fv2%2Fcomments&post=757"}],"version-history":[{"count":5,"href":"https:\/\/geoida.pw.edu.pl\/index.php?rest_route=\/wp\/v2\/pages\/757\/revisions"}],"predecessor-version":[{"id":783,"href":"https:\/\/geoida.pw.edu.pl\/index.php?rest_route=\/wp\/v2\/pages\/757\/revisions\/783"}],"wp:attachment":[{"href":"https:\/\/geoida.pw.edu.pl\/index.php?rest_route=%2Fwp%2Fv2%2Fmedia&parent=757"}],"curies":[{"name":"wp","href":"https:\/\/api.w.org\/{rel}","templated":true}]}}